{"id":1595,"date":"2023-07-10T08:10:48","date_gmt":"2023-07-10T08:10:48","guid":{"rendered":"https:\/\/aprosol.es\/shop\/?page_id=1595"},"modified":"2023-10-16T16:12:51","modified_gmt":"2023-10-16T16:12:51","slug":"quienes-somos","status":"publish","type":"page","link":"https:\/\/aprosol.es\/shop\/quienes-somos\/","title":{"rendered":"Qui\u00e9nes Somos"},"content":{"rendered":"<h2><a href=\"#\">Aprosol Group<\/a><\/h2>\n<div>\n<p><strong>Aprosol Group<\/strong> es una empresa creada para proporcionar un <strong>servicio global en el \u00e1mbito de las instalaciones de calefacci\u00f3n y climatizaci\u00f3n,<\/strong> centradas en el \u00e1mbito de la eficiencia y ahorro energ\u00e9tico y el aprovechamiento de las <strong>energ\u00edas renovables.<\/strong><\/p>\n<p>Contamos con una experiencia demostrada en el empleo de biomasa como combustible t\u00e9rmico.<\/p>\n<p><strong>Aprosol Group<\/strong>\u00a0se ha consolidado a lo largo de los \u00faltimos a\u00f1os como empresa destacada dentro del sector de las instalaciones de calefacci\u00f3n y climatizaci\u00f3n, tanto en el\u00a0mantenimiento\u00a0como en la\u00a0instalaci\u00f3n, realizando trabajos de gran calidad e innovaci\u00f3n, buscando y estudiando nuevas tecnolog\u00edas que puedan aportar una mayor eficacia y rentabilidad a nuestros clientes.<\/p>\n<\/div>\n<p>\n    <a href=\"https:\/\/aprosol.es\/\">M\u00e1s informaci\u00f3n sobre Aprosol Group<\/a>\n<\/p>\n<p><!--more--><br \/>\n<!-- {\"type\":\"layout\",\"children\":[{\"type\":\"section\",\"props\":{\"animation\":\"fade\",\"image\":\"wp-content\\\/uploads\\\/2023\\\/07\\\/cab_qsomos1.png\",\"image_loading\":true,\"image_position\":\"center-center\",\"image_size\":\"cover\",\"image_width\":\"2560\",\"padding\":\"xlarge\",\"style\":\"default\",\"title_breakpoint\":\"xl\",\"title_position\":\"top-left\",\"title_rotation\":\"left\",\"vertical_align\":\"middle\",\"width\":\"default\"},\"children\":[{\"type\":\"row\",\"children\":[{\"type\":\"column\",\"props\":{\"image_position\":\"center-center\",\"position_sticky_breakpoint\":\"m\",\"text_color\":\"light\"}}]}],\"name\":\"Hero\"},{\"type\":\"section\",\"props\":{\"animation\":\"fade\",\"image_position\":\"center-center\",\"style\":\"default\",\"title_breakpoint\":\"xl\",\"title_position\":\"top-left\",\"title_rotation\":\"left\",\"vertical_align\":\"middle\",\"width\":\"default\"},\"children\":[{\"type\":\"row\",\"children\":[{\"type\":\"column\",\"props\":{\"image_position\":\"center-center\",\"position_sticky_breakpoint\":\"m\",\"vertical_align\":\"middle\"},\"children\":[{\"type\":\"headline\",\"props\":{\"animation\":\"none\",\"content\":\"Aprosol Group\",\"link\":\"#\",\"margin\":\"small\",\"title_element\":\"h2\",\"title_style\":\"h1\"}},{\"type\":\"text\",\"props\":{\"column_breakpoint\":\"m\",\"content\":\"\n\n<p><strong>Aprosol Group<\\\/strong> es una empresa creada para proporcionar un <strong>servicio global en el \\u00e1mbito de las instalaciones de calefacci\\u00f3n y climatizaci\\u00f3n,<\\\/strong> centradas en el \\u00e1mbito de la eficiencia y ahorro energ\\u00e9tico y el aprovechamiento de las <strong>energ\\u00edas renovables.<\\\/strong><\\\/p>\\n\n\n<p>Contamos con una experiencia demostrada en el empleo de biomasa como combustible t\\u00e9rmico.<\\\/p>\\n\n\n<p><strong>Aprosol Group<\\\/strong>\\u00a0se ha consolidado a lo largo de los \\u00faltimos a\\u00f1os como empresa destacada dentro del sector de las instalaciones de calefacci\\u00f3n y climatizaci\\u00f3n, tanto en el\\u00a0mantenimiento\\u00a0como en la\\u00a0instalaci\\u00f3n, realizando trabajos de gran calidad e innovaci\\u00f3n, buscando y estudiando nuevas tecnolog\\u00edas que puedan aportar una mayor eficacia y rentabilidad a nuestros clientes.<\\\/p>\",\"margin\":\"default\",\"text_align\":\"justify\"}},{\"type\":\"button\",\"props\":{\"grid_column_gap\":\"small\",\"grid_row_gap\":\"small\",\"margin\":\"medium\",\"text_align\":\"center\"},\"children\":[{\"type\":\"button_item\",\"props\":{\"button_style\":\"primary\",\"content\":\"M\\u00e1s informaci\\u00f3n sobre Aprosol Group\",\"icon\":\"forward\",\"icon_align\":\"right\",\"link\":\"https:\\\/\\\/aprosol.es\\\/\",\"link_target\":\"blank\",\"link_title\":\"M\\u00e1s informaci\\u00f3n sobre Aprosol Group\"}}]}]}]}],\"name\":\"T\\u00edtulo\",\"modified\":\"2020-11-30T13:23:20.495Z\"},{\"type\":\"section\",\"props\":{\"image_position\":\"center-center\",\"style\":\"default\",\"title_breakpoint\":\"xl\",\"title_position\":\"top-left\",\"title_rotation\":\"left\",\"vertical_align\":\"middle\",\"width\":\"default\"},\"children\":[{\"type\":\"row\",\"children\":[{\"type\":\"column\",\"props\":{\"image_position\":\"center-center\",\"position_sticky_breakpoint\":\"m\"}}]}]}],\"version\":\"4.0.7\"} --><\/p>\n","protected":false},"excerpt":{"rendered":"<p>Aprosol Group Aprosol Group es una empresa creada para proporcionar un servicio global en el \u00e1mbito de las instalaciones de calefacci\u00f3n y climatizaci\u00f3n, centradas en el \u00e1mbito de la eficiencia y ahorro energ\u00e9tico y el aprovechamiento de las energ\u00edas renovables. Contamos con una experiencia demostrada en el empleo de biomasa como combustible t\u00e9rmico. Aprosol Group\u00a0se [&hellip;]<\/p>\n","protected":false},"author":1,"featured_media":0,"parent":0,"menu_order":0,"comment_status":"closed","ping_status":"closed","template":"","meta":{"om_disable_all_campaigns":false,"_monsterinsights_skip_tracking":false,"_monsterinsights_sitenote_active":false,"_monsterinsights_sitenote_note":"","_monsterinsights_sitenote_category":0,"footnotes":""},"class_list":["post-1595","page","type-page","status-publish","hentry"],"acf":[],"aioseo_notices":[],"_links":{"self":[{"href":"https:\/\/aprosol.es\/shop\/wp-json\/wp\/v2\/pages\/1595","targetHints":{"allow":["GET"]}}],"collection":[{"href":"https:\/\/aprosol.es\/shop\/wp-json\/wp\/v2\/pages"}],"about":[{"href":"https:\/\/aprosol.es\/shop\/wp-json\/wp\/v2\/types\/page"}],"author":[{"embeddable":true,"href":"https:\/\/aprosol.es\/shop\/wp-json\/wp\/v2\/users\/1"}],"replies":[{"embeddable":true,"href":"https:\/\/aprosol.es\/shop\/wp-json\/wp\/v2\/comments?post=1595"}],"version-history":[{"count":17,"href":"https:\/\/aprosol.es\/shop\/wp-json\/wp\/v2\/pages\/1595\/revisions"}],"predecessor-version":[{"id":2376,"href":"https:\/\/aprosol.es\/shop\/wp-json\/wp\/v2\/pages\/1595\/revisions\/2376"}],"wp:attachment":[{"href":"https:\/\/aprosol.es\/shop\/wp-json\/wp\/v2\/media?parent=1595"}],"curies":[{"name":"wp","href":"https:\/\/api.w.org\/{rel}","templated":true}]}}