{"id":1608,"date":"2023-07-10T08:19:45","date_gmt":"2023-07-10T08:19:45","guid":{"rendered":"https:\/\/aprosol.es\/shop\/?page_id=1608"},"modified":"2023-10-10T10:00:41","modified_gmt":"2023-10-10T10:00:41","slug":"contacto","status":"publish","type":"page","link":"https:\/\/aprosol.es\/shop\/contacto\/","title":{"rendered":"Contacto"},"content":{"rendered":"<h1>Contacto<\/h1>\n<div>\n<h3 class=\"uk-h4 uk-margin-top-remove\" style=\"text-align: center;\">Central Madrid<\/h3>\n<div class=\"uk-margin\" style=\"text-align: center;\">C\/ Berzosa de Lozoya n\u00ba 1 nave 14, 28021 Madrid.<span>\u00a0<\/span><span id=\"cloak7c5217bd0a3856f23d82d51b2da7d093\"><a href=\"mailto:info@aprosol.es\">info@aprosol.es<\/a><\/span>\u00a0<\/p>\n<h4 style=\"text-align: center;\">Tel.: 91 464 37 79 &#8211; 696 832 322<br \/>WhatsApp <img decoding=\"async\" src=\"https:\/\/aprosol.es\/shop\/images\/whatsapp1.png\" alt=\"WhatsApp\" \/>:<span>\u00a0<\/span>696 832 322<\/h4>\n<\/div>\n<\/div>\n<div>\n<div class=\"wpforms-container wpforms-container-full wpforms-render-modern\" id=\"wpforms-2235\"><form id=\"wpforms-form-2235\" class=\"wpforms-validate wpforms-form wpforms-ajax-form\" data-formid=\"2235\" method=\"post\" enctype=\"multipart\/form-data\" action=\"\/shop\/wp-json\/wp\/v2\/pages\/1608\" data-token=\"fc4c8707250eb0bd3d796f331ee3ad7a\"><noscript class=\"wpforms-error-noscript\">Por favor, activa JavaScript en tu navegador para completar este formulario.<\/noscript><div class=\"wpforms-hidden\" id=\"wpforms-error-noscript\">Por favor, activa JavaScript en tu navegador para completar este formulario.<\/div><div class=\"wpforms-field-container\"><div id=\"wpforms-2235-field_0-container\" class=\"wpforms-field wpforms-field-name\" data-field-id=\"0\"><fieldset><legend class=\"wpforms-field-label\">Nombre <span class=\"wpforms-required-label\" aria-hidden=\"true\">*<\/span><\/legend><div class=\"wpforms-field-row wpforms-field-medium\"><div class=\"wpforms-field-row-block wpforms-first wpforms-one-half\"><input type=\"text\" id=\"wpforms-2235-field_0\" class=\"wpforms-field-name-first wpforms-field-required\" name=\"wpforms[fields][0][first]\" aria-errormessage=\"wpforms-2235-field_0-error\" required><label for=\"wpforms-2235-field_0\" class=\"wpforms-field-sublabel after \">Nombre<\/label><\/div><div class=\"wpforms-field-row-block wpforms-one-half\"><input type=\"text\" id=\"wpforms-2235-field_0-last\" class=\"wpforms-field-name-last wpforms-field-required\" name=\"wpforms[fields][0][last]\" aria-errormessage=\"wpforms-2235-field_0-last-error\" required><label for=\"wpforms-2235-field_0-last\" class=\"wpforms-field-sublabel after \">Apellidos<\/label><\/div><\/div><\/fieldset><\/div><div id=\"wpforms-2235-field_1-container\" class=\"wpforms-field wpforms-field-email\" data-field-id=\"1\"><label class=\"wpforms-field-label\" for=\"wpforms-2235-field_1\">Correo electr\u00f3nico <span class=\"wpforms-required-label\" aria-hidden=\"true\">*<\/span><\/label><input type=\"email\" id=\"wpforms-2235-field_1\" class=\"wpforms-field-medium wpforms-field-required\" name=\"wpforms[fields][1]\" spellcheck=\"false\" aria-errormessage=\"wpforms-2235-field_1-error\" required><\/div><div id=\"wpforms-2235-field_2-container\" class=\"wpforms-field wpforms-field-textarea\" data-field-id=\"2\"><label class=\"wpforms-field-label\" for=\"wpforms-2235-field_2\">Comentario o mensaje<\/label><textarea id=\"wpforms-2235-field_2\" class=\"wpforms-field-medium\" name=\"wpforms[fields][2]\" aria-errormessage=\"wpforms-2235-field_2-error\" ><\/textarea><\/div><div id=\"wpforms-2235-field_4-container\" class=\"wpforms-field wpforms-field-checkbox\" data-field-id=\"4\"><fieldset><legend class=\"wpforms-field-label\">\u00bfAcepta nuestra pol\u00edtica de privacidad? <span class=\"wpforms-required-label\" aria-hidden=\"true\">*<\/span><\/legend><ul id=\"wpforms-2235-field_4\" class=\"wpforms-field-required\"><li class=\"choice-1 depth-1\"><input type=\"checkbox\" id=\"wpforms-2235-field_4_1\" name=\"wpforms[fields][4][]\" value=\"S\u00ed, acepto\" aria-errormessage=\"wpforms-2235-field_4_1-error\" aria-describedby=\"wpforms-2235-field_4-description\" required ><label class=\"wpforms-field-label-inline\" for=\"wpforms-2235-field_4_1\">S\u00ed, acepto<\/label><\/li><\/ul><div id=\"wpforms-2235-field_4-description\" class=\"wpforms-field-description\">\r\nEn nombre de la empresa tratamos la informaci\u00f3n que nos facilita con el fin de prestarles el servicio solicitado. Los datos proporcionados se conservar\u00e1n mientras se mantenga la relaci\u00f3n comercial o durante los a\u00f1os necesarios para cumplir con las obligaciones legales. Los datos no se ceder\u00e1n a terceros salvo en los casos en que exista una obligaci\u00f3n legal. Usted tiene derecho a obtener confirmaci\u00f3n sobre si en APLICACIONES DE ENERG\u00cdA SOLAR, S.L. estamos tratando sus datos personales por tanto tiene derecho a acceder a sus datos personales, rectificar los datos inexactos o solicitar su supresi\u00f3n cuando los datos ya no sean necesarios. Asimismo solicito su autorizaci\u00f3n para ofrecerle productos y servicios relacionados con los solicitados y fidelizarle como cliente.<\/div><\/fieldset><\/div><\/div><!-- .wpforms-field-container --><div class=\"wpforms-submit-container\" ><input type=\"hidden\" name=\"wpforms[id]\" value=\"2235\"><input type=\"hidden\" name=\"wpforms[author]\" value=\"1\"><button type=\"submit\" name=\"wpforms[submit]\" id=\"wpforms-submit-2235\" class=\"wpforms-submit\" data-alt-text=\"Enviando...\" data-submit-text=\"Enviar\" aria-live=\"assertive\" value=\"wpforms-submit\">Enviar<\/button><img loading=\"lazy\" decoding=\"async\" src=\"https:\/\/aprosol.es\/shop\/wp-content\/plugins\/wpforms-lite\/assets\/images\/submit-spin.svg\" class=\"wpforms-submit-spinner\" style=\"display: none;\" width=\"26\" height=\"26\" alt=\"Cargando\"><\/div><\/form><\/div>  <!-- .wpforms-container -->\n<\/div>\n<div>\n<p>40.3348345,-3.7171871<\/p>\n<h3>Aprosol Group<\/h3>\n<\/div>\n<p><!--more--><br \/>\n<!-- {\"type\":\"layout\",\"children\":[{\"type\":\"section\",\"props\":{\"image_position\":\"center-center\",\"style\":\"default\",\"title_breakpoint\":\"xl\",\"title_position\":\"top-left\",\"title_rotation\":\"left\",\"vertical_align\":\"middle\",\"width\":\"default\"},\"children\":[{\"type\":\"row\",\"children\":[{\"type\":\"column\",\"props\":{\"image_position\":\"center-center\",\"position_sticky_breakpoint\":\"m\"},\"children\":[{\"type\":\"headline\",\"props\":{\"content\":\"Contacto\",\"title_element\":\"h1\",\"title_style\":\"h1\"}},{\"type\":\"text\",\"props\":{\"column_breakpoint\":\"m\",\"content\":\"\n\n<h3 class=\\\"uk-h4 uk-margin-top-remove\\\" style=\\\"text-align: center;\\\">Central Madrid<\\\/h3>\\n\n\n<div class=\\\"uk-margin\\\" style=\\\"text-align: center;\\\">C\\\/ Berzosa de Lozoya n\\u00ba 1 nave 14, 28021 Madrid.<span>\\u00a0<\\\/span><span id=\\\"cloak7c5217bd0a3856f23d82d51b2da7d093\\\"><a href=\\\"mailto:info@aprosol.es\\\">info@aprosol.es<\\\/a><\\\/span>\\u00a0\\n\n\n<h4 style=\\\"text-align: center;\\\">Tel.: 91 464 37 79 - 696 832 322<br \\\/>WhatsApp <img src=\\\"https:\\\/\\\/aprosol.es\\\/shop\\\/images\\\/whatsapp1.png\\\" alt=\\\"WhatsApp\\\" \\\/>:<span>\\u00a0<\\\/span>696 832 322<\\\/h4>\\n<\\\/div>\",\"margin\":\"default\"}},{\"type\":\"text\",\"props\":{\"column_breakpoint\":\"m\",\"content\":\"\n\n<p>[wpforms id=\\\"2235\\\" title=\\\"false\\\"]<\\\/p>\",\"margin\":\"default\"}}]}]}]},{\"type\":\"section\",\"props\":{\"image_position\":\"center-center\",\"padding\":\"none\",\"style\":\"default\",\"title_breakpoint\":\"xl\",\"title_position\":\"top-left\",\"title_rotation\":\"left\",\"vertical_align\":\"middle\",\"width\":\"\"},\"children\":[{\"type\":\"row\",\"children\":[{\"type\":\"column\",\"props\":{\"image_position\":\"center-center\",\"position_sticky_breakpoint\":\"m\"},\"children\":[{\"type\":\"map\",\"props\":{\"controls\":true,\"dragging\":true,\"image_svg_color\":\"emphasis\",\"link_style\":\"default\",\"link_text\":\"Read more\",\"margin\":\"\",\"marker_icon\":\"wp-content\\\/uploads\\\/yootheme\\\/icon-map-marker-accommodation.svg\",\"marker_icon_height\":\"50\",\"marker_icon_width\":\"50\",\"max_zoom\":18,\"meta_align\":\"below-title\",\"meta_element\":\"div\",\"meta_style\":\"text-meta\",\"min_zoom\":0,\"poi\":false,\"show_content\":true,\"show_image\":true,\"show_link\":true,\"show_meta\":true,\"show_title\":true,\"title_element\":\"h3\",\"title_hover_style\":\"reset\",\"type\":\"roadmap\",\"zoom\":\"12\",\"zooming\":true},\"children\":[{\"type\":\"map_item\",\"props\":{\"location\":\"40.3348345,-3.7171871\",\"title\":\"Aprosol Group\"}}]}]}]}],\"name\":\"Map\"}],\"version\":\"4.0.7\"} --><\/p>\n","protected":false},"excerpt":{"rendered":"<p>Contacto Central Madrid C\/ Berzosa de Lozoya n\u00ba 1 nave 14, 28021 Madrid.\u00a0info@aprosol.es\u00a0 Tel.: 91 464 37 79 &#8211; 696 832 322WhatsApp :\u00a0696 832 322 40.3348345,-3.7171871 Aprosol Group<\/p>\n","protected":false},"author":1,"featured_media":0,"parent":0,"menu_order":0,"comment_status":"closed","ping_status":"closed","template":"","meta":{"om_disable_all_campaigns":false,"_monsterinsights_skip_tracking":false,"_monsterinsights_sitenote_active":false,"_monsterinsights_sitenote_note":"","_monsterinsights_sitenote_category":0,"footnotes":""},"class_list":["post-1608","page","type-page","status-publish","hentry"],"acf":[],"aioseo_notices":[],"_links":{"self":[{"href":"https:\/\/aprosol.es\/shop\/wp-json\/wp\/v2\/pages\/1608","targetHints":{"allow":["GET"]}}],"collection":[{"href":"https:\/\/aprosol.es\/shop\/wp-json\/wp\/v2\/pages"}],"about":[{"href":"https:\/\/aprosol.es\/shop\/wp-json\/wp\/v2\/types\/page"}],"author":[{"embeddable":true,"href":"https:\/\/aprosol.es\/shop\/wp-json\/wp\/v2\/users\/1"}],"replies":[{"embeddable":true,"href":"https:\/\/aprosol.es\/shop\/wp-json\/wp\/v2\/comments?post=1608"}],"version-history":[{"count":14,"href":"https:\/\/aprosol.es\/shop\/wp-json\/wp\/v2\/pages\/1608\/revisions"}],"predecessor-version":[{"id":2272,"href":"https:\/\/aprosol.es\/shop\/wp-json\/wp\/v2\/pages\/1608\/revisions\/2272"}],"wp:attachment":[{"href":"https:\/\/aprosol.es\/shop\/wp-json\/wp\/v2\/media?parent=1608"}],"curies":[{"name":"wp","href":"https:\/\/api.w.org\/{rel}","templated":true}]}}