{"id":2263,"date":"2023-10-10T09:47:27","date_gmt":"2023-10-10T09:47:27","guid":{"rendered":"https:\/\/aprosol.es\/shop\/?page_id=2263"},"modified":"2023-10-10T09:47:28","modified_gmt":"2023-10-10T09:47:28","slug":"politica-de-privacidad","status":"publish","type":"page","link":"https:\/\/aprosol.es\/shop\/politica-de-privacidad\/","title":{"rendered":"Pol\u00edtica de Privacidad"},"content":{"rendered":"\n<h1 class=\"wp-block-heading\">POL\u00cdTICA DE PRIVACIDAD<\/h1>\n\n\n\n<p><strong>1. IDENTIFICACI\u00d3N<\/strong><\/p>\n\n\n\n<ul class=\"wp-block-list\">\n<li>Identidad:\u00a0APLICACIONES DE ENERG\u00cdA SOLAR, S.L.\u00a0(en adelante, \u201cAPROSOL\u201d)<\/li>\n\n\n\n<li>NIF:\u00a0B-83613158<\/li>\n\n\n\n<li>Direcci\u00f3n:\u00a0C\/ Berzosa de Lozoya n\u00ba 1 &#8211; Nave 14, 28021 Madrid<\/li>\n\n\n\n<li>Delegado de Protecci\u00f3n de Datos (DPO): puede contactar con nuestro DPO a trav\u00e9s de los siguientes medios:\n<ul class=\"wp-block-list\">\n<li>Correo electr\u00f3nico:\u00a0info@aprosol.es<\/li>\n\n\n\n<li>Indicando en la referencia \u201cDelegado de Protecci\u00f3n de Datos\u201d.<\/li>\n<\/ul>\n<\/li>\n<\/ul>\n\n\n\n<p><strong>2. INFORMACI\u00d3N Y CONSENTIMIENTO<\/strong><\/p>\n\n\n\n<p>Mediante la aceptaci\u00f3n de la presente Pol\u00edtica de Privacidad, el usuario queda informado y presta\u00a0su consentimiento libre, informado, espec\u00edfico e inequ\u00edvoco para que los datos personales que facilite a trav\u00e9s de la p\u00e1gina web ubicada en la URL\u00a0www.aprosol.es\u00a0(en adelante, el \u201c\u00a0<strong>Sitio Web\u00a0<\/strong>\u201d) sean tratados por\u00a0APROSOL, as\u00ed como los datos derivados de su navegaci\u00f3n y aquellos otros datos que pueda facilitar en un futuro a\u00a0APROSOL de forma clara y sencilla, para facilitar su comprensi\u00f3n, determinando libre y voluntariamente si desea facilitar sus datos personales a\u00a0APROSOL<strong>.<\/strong><\/p>\n\n\n\n<p><strong>3. OBLIGATORIEDAD DE FACILITAR LOS DATOS<\/strong><\/p>\n\n\n\n<p>Los datos solicitados en los formularios del Sitio Web son con car\u00e1cter general, obligatorios (salvo que en el campo requerido se especifique lo contrario) para cumplir con las finalidades establecidas.&nbsp;<br>Por lo tanto, si no se facilitan los mismos o no se facilitan correctamente no podr\u00e1n atenderse las mismas, sin perjuicio de que podr\u00e1 visualizar libremente el contenido del Sitio Web.<\/p>\n\n\n\n<p><strong>4. \u00bfCON QU\u00c9 FINALIDAD TRATAR\u00c1\u00a0APROSOL\u00a0LOS DATOS PERSONALES DEL USUARIO?<\/strong><\/p>\n\n\n\n<p>Los datos personales facilitados a trav\u00e9s del Sitio Web ser\u00e1n tratados por\u00a0APROSOL\u00a0conforme a las siguientes finalidades:<\/p>\n\n\n\n<p>1. Datos facilitados para el&nbsp;<strong>env\u00edo de Newsletter<\/strong>:&nbsp;<\/p>\n\n\n\n<ul class=\"wp-block-list\">\n<li>Gestionar la suscripci\u00f3n y\/o baja de la Newsletter, realizada a trav\u00e9s del canal dispuesto en el Sitio Web de\u00a0APROSOL.<\/li>\n<\/ul>\n\n\n\n<p>2. Datos proporcionados en los&nbsp;<strong>formularios de contacto<\/strong>:<\/p>\n\n\n\n<ul class=\"wp-block-list\">\n<li>Gestionar las solicitudes de contacto e informaci\u00f3n del usuario a trav\u00e9s de los canales dispuestos para ello en los sitios web de\u00a0APROSOL.<\/li>\n\n\n\n<li>Gesti\u00f3n de la petici\u00f3n planteada.<\/li>\n\n\n\n<li>Efectuar an\u00e1lisis sobre la utilizaci\u00f3n del Sitio Web y comprobar las preferencias y comportamiento de los usuarios.<\/li>\n<\/ul>\n\n\n\n<p><strong>5. \u00bfQU\u00c9 DATOS DEL USUARIO TRATAR\u00c1\u00a0APROSOL?<\/strong><\/p>\n\n\n\n<p>APROSOL\u00a0tratar\u00e1 las siguientes categor\u00edas de datos del usuario:<\/p>\n\n\n\n<p>1. Datos facilitados para el&nbsp;<strong>env\u00edo de Newsletter<\/strong>:<\/p>\n\n\n\n<ul class=\"wp-block-list\">\n<li>Datos identificativos: nombre, apellidos.<\/li>\n\n\n\n<li>Datos de contacto: direcci\u00f3n de correo electr\u00f3nico.<\/li>\n<\/ul>\n\n\n\n<p>2. Datos proporcionados en los&nbsp;<strong>formularios de contacto:<\/strong><\/p>\n\n\n\n<ul class=\"wp-block-list\">\n<li>Datos de identificaci\u00f3n: nombre, apellidos<\/li>\n\n\n\n<li>Datos de contacto: direcci\u00f3n de correo electr\u00f3nico.<\/li>\n\n\n\n<li>Otros datos: datos facilitados por los propios interesados en los campos abiertos de los formularios dispuestos en el Sitio Web o en los documentos adjuntos.<\/li>\n\n\n\n<li>Datos de navegaci\u00f3n.<\/li>\n<\/ul>\n\n\n\n<p><strong>6. \u00bfCU\u00c1L ES LA LEGITIMACI\u00d3N DEL TRATAMIENTO DE LOS DATOS DEL USUARIO?<\/strong><\/p>\n\n\n\n<p>La legitimaci\u00f3n del tratamiento de sus datos personales, ser\u00e1n las siguientes:<\/p>\n\n\n\n<ol class=\"wp-block-list\">\n<li>1.&nbsp;<strong>el env\u00edo de Newsletter<\/strong>: en el consentimiento prestado por el usuario.<\/li>\n\n\n\n<li>2.Para el env\u00edo de\u00a0<strong>formularios de contacto<\/strong>: en el consentimiento prestado por el usuario. Para la ejecuci\u00f3n de an\u00e1lisis sobre la utilizaci\u00f3n de la web, el inter\u00e9s leg\u00edtimo de APROSOL.<\/li>\n<\/ol>\n\n\n\n<p>Los consentimientos obtenidos para las finalidades mencionadas son independientes por lo que el usuario podr\u00e1 revocar solo uno de ellos no afectando a los dem\u00e1s.\u00a0<br>Para revocar dicho consentimiento, el Usuario podr\u00e1 contactar con\u00a0APROSOL\u00a0a trav\u00e9s de los canales siguientes:\u00a0<a href=\"mailto:protecciondedatos@nh-hotels.com\" target=\"_blank\" rel=\"noreferrer noopener\"><\/a><a href=\"mailto:info@aprosol.es\" title=\"\">info@aprosol.es<\/a><\/p>\n\n\n\n<p><strong>7. \u00bfCON QU\u00c9 DESTINATARIOS SE COMPARTIR\u00c1N LOS DATOS DEL USUARIO?<\/strong><\/p>\n\n\n\n<p>Los datos del usuario podr\u00e1n ser comunicados a:<\/p>\n\n\n\n<ol class=\"wp-block-list\">\n<li>1.Datos facilitados&nbsp;<strong>el env\u00edo de Newsletter,<\/strong><\/li>\n\n\n\n<li>2.Datos proporcionados\u00a0<strong>los formularios de contacto&nbsp;<\/strong>:\n<ol class=\"wp-block-list\">\n<li>oEmpresas del grupo al que pertenece\u00a0APROSOL, \u00fanicamente para fines administrativos internos y\/o para las finalidades anteriormente indicadas.<\/li>\n<\/ol>\n<\/li>\n<\/ol>\n\n\n\n<p>Adicionalmente, los datos podr\u00e1n ser accesibles por proveedores de\u00a0APROSOL\u00a0, siendo dicho acceso el necesario para el adecuado cumplimiento de las obligaciones legales y\/o de las finalidades anteriormente indicadas. Dichos proveedores no tratar\u00e1n sus datos para finalidades propias que no hayan sido previamente informadas por\u00a0APROSOL.<\/p>\n\n\n\n<p><strong>8. CONSERVACI\u00d3N DE LOS DATOS<\/strong><\/p>\n\n\n\n<p>Sus datos ser\u00e1n conservados durante los siguientes plazos:&nbsp;<br><\/p>\n\n\n\n<ol class=\"wp-block-list\">\n<li>1.Datos facilitados para&nbsp;<strong>env\u00edo de Newsletter<\/strong>: ser\u00e1n conservados en tanto en cuanto el usuario no revoque el consentimiento prestado al efecto.<\/li>\n\n\n\n<li>2.Datos proporcionados en&nbsp;<strong>formularios de contacto<\/strong>: ser\u00e1n conservados durante el plazo necesario para dar tr\u00e1mite y contestaci\u00f3n a su solicitud y, una vez finalizado el mismo, durante el plazo de prescripci\u00f3n de las acciones legales derivadas de la citada solicitud.<\/li>\n<\/ol>\n\n\n\n<p><strong>9. RESPONSABILIDAD DEL USUARIO<\/strong><\/p>\n\n\n\n<p>El usuario:<\/p>\n\n\n\n<ul class=\"wp-block-list\">\n<li>Garantiza que es mayor de dieciocho (18) a\u00f1os y que los datos que facilita a\u00a0APROSOL\u00a0son verdaderos, exactos, completos y actualizados. A estos efectos, el usuario responde de la veracidad de todos los datos que comunique y mantendr\u00e1 convenientemente actualizada la informaci\u00f3n facilitada, de tal forma que responda a su situaci\u00f3n real.<\/li>\n\n\n\n<li>Garantiza que ha informado a los terceros de los que facilite sus datos, en caso de hacerlo, de los aspectos contenidos en este documento. Asimismo, garantiza que ha obtenido su autorizaci\u00f3n para facilitar sus datos a\u00a0APROSOL\u00a0para los fines se\u00f1alados.<\/li>\n\n\n\n<li>Ser\u00e1 responsable de las informaciones falsas o inexactas que proporcione a trav\u00e9s del Sitio Web y de los da\u00f1os y perjuicios, directos o indirectos, que ello cause a\u00a0APROSOL\u00a0o a terceros.<\/li>\n<\/ul>\n\n\n\n<p><strong>10. EJERCICIO DE DERECHOS<\/strong><\/p>\n\n\n\n<p>El usuario puede enviar un escrito a\u00a0APROSOL, a la direcci\u00f3n indicada en el encabezado de la presente Pol\u00edtica, o bien por medio de un correo electr\u00f3nico a la direcci\u00f3n\u00a0<a href=\"mailto:protecciondedatos@nh-hotels.com\" target=\"_blank\" rel=\"noreferrer noopener\"><\/a><a href=\"mailto:info@aprosol.es\" title=\"\">info@aprosol.es<\/a>, adjuntando fotocopia de su documento de identidad, en cualquier momento y de manera gratuita, para:<\/p>\n\n\n\n<ul class=\"wp-block-list\">\n<li>Revocar los consentimientos otorgados.<\/li>\n\n\n\n<li>Obtener confirmaci\u00f3n acerca de si en\u00a0APROSOL\u00a0se est\u00e1n tratando datos personales que conciernen al usuario o no.<\/li>\n\n\n\n<li>Acceder a sus datos personales.<\/li>\n\n\n\n<li>Rectificar los datos inexactos o incompletos.<\/li>\n\n\n\n<li>Solicitar la supresi\u00f3n de sus datos cuando, entre otros motivos, los datos ya no sean necesarios para los fines que fueron recogidos.<\/li>\n\n\n\n<li>Obtener de\u00a0APROSOL\u00a0la limitaci\u00f3n del tratamiento de los datos cuando se cumpla alguna de las condiciones previstas en la normativa de protecci\u00f3n de datos.<\/li>\n\n\n\n<li>Solicitar la portabilidad de los datos facilitados por el Usuario en aquellos casos previstos en la normativa.<\/li>\n\n\n\n<li>Ponerse en contacto con el DPO de\u00a0APROSOL\u00a0a trav\u00e9s de la siguiente direcci\u00f3n:\u00a0<a href=\"mailto:info@aprosol.es\" title=\"\">info@aprosol.es<\/a><\/li>\n\n\n\n<li>Interponer una reclamaci\u00f3n relativa a la protecci\u00f3n de sus datos personales ante la Agencia Espa\u00f1ola de Protecci\u00f3n de Datos en la direcci\u00f3n Calle de Jorge Juan, 6, 28001 Madrid, cuando el interesado considere que\u00a0APROSOL\u00a0\u00a0ha vulnerado los derechos que le son reconocidos por la normativa aplicable en protecci\u00f3n de datos.<\/li>\n<\/ul>\n\n\n\n<p><strong>11. MEDIDAS DE SEGURIDAD<\/strong><\/p>\n\n\n\n<p>APROSOL\u00a0tratar\u00e1 los datos del usuario en todo momento de forma absolutamente confidencial y guardando el preceptivo deber de secreto respecto de los mismos, de conformidad con lo previsto en la normativa de aplicaci\u00f3n, adoptando al efecto las medidas de \u00edndole t\u00e9cnica y organizativas necesarias que garanticen la seguridad de sus datos y eviten su alteraci\u00f3n, p\u00e9rdida, tratamiento o acceso no autorizado, habida cuenta del estado de la tecnolog\u00eda, la naturaleza de los datos almacenados y los riesgos a que est\u00e1n expuestos.\u00a0<\/p>\n","protected":false},"excerpt":{"rendered":"<p>POL\u00cdTICA DE PRIVACIDAD 1. IDENTIFICACI\u00d3N 2. INFORMACI\u00d3N Y CONSENTIMIENTO Mediante la aceptaci\u00f3n de la presente Pol\u00edtica de Privacidad, el usuario queda informado y presta\u00a0su consentimiento libre, informado, espec\u00edfico e inequ\u00edvoco para que los datos personales que facilite a trav\u00e9s de la p\u00e1gina web ubicada en la URL\u00a0www.aprosol.es\u00a0(en adelante, el \u201c\u00a0Sitio Web\u00a0\u201d) sean tratados por\u00a0APROSOL, as\u00ed [&hellip;]<\/p>\n","protected":false},"author":1,"featured_media":0,"parent":0,"menu_order":0,"comment_status":"closed","ping_status":"closed","template":"","meta":{"om_disable_all_campaigns":false,"_monsterinsights_skip_tracking":false,"_monsterinsights_sitenote_active":false,"_monsterinsights_sitenote_note":"","_monsterinsights_sitenote_category":0,"footnotes":""},"class_list":["post-2263","page","type-page","status-publish","hentry"],"acf":[],"aioseo_notices":[],"_links":{"self":[{"href":"https:\/\/aprosol.es\/shop\/wp-json\/wp\/v2\/pages\/2263","targetHints":{"allow":["GET"]}}],"collection":[{"href":"https:\/\/aprosol.es\/shop\/wp-json\/wp\/v2\/pages"}],"about":[{"href":"https:\/\/aprosol.es\/shop\/wp-json\/wp\/v2\/types\/page"}],"author":[{"embeddable":true,"href":"https:\/\/aprosol.es\/shop\/wp-json\/wp\/v2\/users\/1"}],"replies":[{"embeddable":true,"href":"https:\/\/aprosol.es\/shop\/wp-json\/wp\/v2\/comments?post=2263"}],"version-history":[{"count":1,"href":"https:\/\/aprosol.es\/shop\/wp-json\/wp\/v2\/pages\/2263\/revisions"}],"predecessor-version":[{"id":2264,"href":"https:\/\/aprosol.es\/shop\/wp-json\/wp\/v2\/pages\/2263\/revisions\/2264"}],"wp:attachment":[{"href":"https:\/\/aprosol.es\/shop\/wp-json\/wp\/v2\/media?parent=2263"}],"curies":[{"name":"wp","href":"https:\/\/api.w.org\/{rel}","templated":true}]}}